{"id":3055,"date":"2025-11-23T11:02:05","date_gmt":"2025-11-23T08:02:05","guid":{"rendered":"https:\/\/www.basradab.edu.iq\/en\/?page_id=3055"},"modified":"2025-11-23T11:02:05","modified_gmt":"2025-11-23T08:02:05","slug":"volume-83","status":"publish","type":"page","link":"https:\/\/www.basradab.edu.iq\/en\/?page_id=3055","title":{"rendered":"Volume 83"},"content":{"rendered":"<table style=\"border-collapse: collapse; width: 100%;\">\n<tbody>\n<tr>\n<td style=\"width: 100%;\">\n<div class=\"col-md-1 text-center text-muted\"><a class=\"text-dark article-toggle\" style=\"font-size: 22px; font-weight: bold; font-family: inherit;\" data-article-id=\"134824\">The moral identity in the Legacy of Al-Jahiz: A Study in Cultural Criticism with special Reference to the Representation of Women.<\/a><\/div>\n<div class=\"col-md-11\">\n<div class=\"article-authors text-muted small mb-2\">Ahmed Hayawi Alsaad, Mariam Abdulnabby<\/div>\n<div><a href=\"https:\/\/www.basradab.edu.iq\/en\/wp-content\/uploads\/2025\/11\/1-\u0627\u062d\u0645\u062f-\u062d\u064a\u0627\u0648\u064a-\u0645\u0631\u064a\u0645-\u0639\u0628\u062f-\u0627\u0644\u0646\u0628\u064a.pdf\">Search is Complete<\/a><\/div>\n<\/div>\n<\/td>\n<\/tr>\n<tr>\n<td style=\"width: 100%;\">\n<div class=\"col-md-1 text-center text-muted\"><a class=\"text-dark article-toggle\" style=\"font-size: 22px; font-weight: bold; font-family: inherit;\" data-article-id=\"134831\">The Early Philip Larkin and the Apocalyptic Spectacle<\/a><\/div>\n<div class=\"col-md-11\">\n<div class=\"article-authors text-muted small mb-2\">Jinan Al-Hajaj<\/div>\n<div><a href=\"https:\/\/www.basradab.edu.iq\/en\/wp-content\/uploads\/2025\/11\/2-The-Early-Philip-Larkin.pdf\">Search is Complete<\/a><\/div>\n<\/div>\n<\/td>\n<\/tr>\n<tr>\n<td style=\"width: 100%;\">\n<div class=\"col-md-1 text-center text-muted\"><a class=\"text-dark article-toggle\" style=\"font-size: 22px; font-weight: bold; font-family: inherit;\" data-article-id=\"134857\">Phonemic Substitution in Autistic Children<\/a><\/div>\n<div class=\"col-md-11\">\n<div class=\"article-authors text-muted small mb-2\">Engeris Ta\u2019uma, Tahreer Kumail Jaza\u2019<\/div>\n<div><a href=\"https:\/\/www.basradab.edu.iq\/en\/wp-content\/uploads\/2025\/11\/3-\u062f.\u0646\u062c\u064a\u0631\u0633-\u0637\u0639\u0645\u0629-\u062a\u062d\u0631\u064a\u0631.pdf\">Search is Complete<\/a><\/div>\n<\/div>\n<\/td>\n<\/tr>\n<tr>\n<td style=\"width: 100%;\">\n<div class=\"col-md-1 text-center text-muted\"><a class=\"text-dark article-toggle\" style=\"font-size: 22px; font-weight: bold; font-family: inherit;\" data-article-id=\"134866\">A Contrastive Study of Prepositions in English and Spoken Arabic in Lower Zab Villages<\/a><\/div>\n<div class=\"col-md-11\">\n<div class=\"article-authors text-muted small mb-2\">Ali Hassan Mohammed<\/div>\n<div><a href=\"https:\/\/www.basradab.edu.iq\/en\/wp-content\/uploads\/2025\/11\/4-A-Contrastive-Study-of-Prepositions-in-English-and-Spoken.pdf\">Search is Complete<\/a><\/div>\n<\/div>\n<\/td>\n<\/tr>\n<tr>\n<td style=\"width: 100%;\">\n<div class=\"col-md-1 text-center text-muted\"><a class=\"text-dark article-toggle\" style=\"font-size: 22px; font-weight: bold; font-family: inherit;\" data-article-id=\"134881\">Intimations of Identity and Spacial Awareness in Ancient Arabic Poetry<\/a><\/div>\n<div class=\"col-md-11\">\n<div class=\"article-authors text-muted small mb-2\">Jinan Mohammad Abdul Jaleel, Saad Sami Mohammad<\/div>\n<div><a href=\"https:\/\/www.basradab.edu.iq\/en\/wp-content\/uploads\/2025\/11\/5-\u062f.\u062c\u0646\u0627\u0646-\u0645\u062d\u0645\u062f\u0633\u0639\u062f.pdf\">Search is Complete<\/a><\/div>\n<\/div>\n<\/td>\n<\/tr>\n<tr>\n<td style=\"width: 100%;\">\n<div class=\"col-md-1 text-center text-muted\"><a class=\"text-dark article-toggle\" style=\"font-size: 22px; font-weight: bold; font-family: inherit;\" data-article-id=\"134900\">The Political idea in the poetry of Mohammad Eid Al Khalifa, the major of Algeria poet&#8217;s<\/a><\/div>\n<div class=\"col-md-11\">\n<div class=\"article-authors text-muted small mb-2\">Naim Amouri, Ail Edalati nasab<\/div>\n<div><a href=\"https:\/\/www.basradab.edu.iq\/en\/wp-content\/uploads\/2025\/11\/6-\u062f.\u0646\u0639\u064a\u0645-\u0639\u0645\u0648\u0631\u064a-\u0639\u0644\u064a-\u0639\u062f\u0627\u0644\u062a\u064a.pdf\">Search is Complete<\/a><\/div>\n<\/div>\n<\/td>\n<\/tr>\n<tr>\n<td style=\"width: 100%;\">\n<div class=\"col-md-1 text-center text-muted\"><a class=\"text-dark article-toggle\" style=\"font-size: 22px; font-weight: bold; font-family: inherit;\" data-article-id=\"134914\">The Role of the Cultural Context in Understanding the Qur&#8217;anic Text In the Interpretation of the B\u012bd\u0101w\u012b<\/a><\/div>\n<div class=\"col-md-11\">\n<div class=\"article-authors text-muted small mb-2\">Abdul Jabbar Abdul Amir Hani, Rehab Faisal Abdul Wahab<\/div>\n<div><a href=\"https:\/\/www.basradab.edu.iq\/en\/wp-content\/uploads\/2025\/11\/7-\u062f.\u0639\u0628\u062f-\u0627\u0644\u062c\u0628\u0627\u0631-\u0639\u0628\u062f-\u0627\u0644\u0627\u0645\u064a\u0631-\u0631\u062d\u0627\u0628.pdf\">Search is Complete<\/a><\/div>\n<\/div>\n<\/td>\n<\/tr>\n<tr>\n<td style=\"width: 100%;\">\n<div class=\"col-md-1 text-center text-muted\"><a class=\"text-dark article-toggle\" style=\"font-size: 22px; font-weight: bold; font-family: inherit;\" data-article-id=\"134931\">Alienation in Bashar Bin Burd&#8217;s poetry<\/a><\/div>\n<div class=\"col-md-11\">\n<div class=\"article-authors text-muted small mb-2\">Yassen Naser<\/div>\n<div><a href=\"https:\/\/www.basradab.edu.iq\/en\/wp-content\/uploads\/2025\/11\/8-\u062f.\u064a\u0627\u0633\u064a\u0646-\u0639\u0630\u0627\u0628-\u0646\u0627\u0635\u0631.pdf\">Search is Complete<\/a><\/div>\n<\/div>\n<\/td>\n<\/tr>\n<tr>\n<td style=\"width: 100%;\">\n<div class=\"col-md-1 text-center text-muted\"><a class=\"text-dark article-toggle\" style=\"font-size: 22px; font-weight: bold; font-family: inherit;\" data-article-id=\"135053\">Collecting and Editing the Poetry of Abi Shibal Al-Barjumi<\/a><\/div>\n<div class=\"col-md-11\">\n<div class=\"article-authors text-muted small mb-2\">Pian Ali Abdul Rahim Al- Muzaffar<\/div>\n<div><a href=\"https:\/\/www.basradab.edu.iq\/en\/wp-content\/uploads\/2025\/11\/9-\u0628\u064a\u0627\u0646-\u0639\u0644\u064a-\u0639\u0628\u062f-\u0627\u0644\u0631\u062d\u064a\u0645.pdf\">Search is Complete<\/a><\/div>\n<\/div>\n<\/td>\n<\/tr>\n<tr>\n<td style=\"width: 100%;\">\n<div class=\"col-md-1 text-center text-muted\"><a class=\"text-dark article-toggle\" style=\"font-size: 22px; font-weight: bold; font-family: inherit;\" data-article-id=\"135093\">The Call to theAssociation of the Doctrine in the Poetry of the Era of Prophecy and its Role in shaping Social Awareness<\/a><\/div>\n<div class=\"col-md-11\">\n<div class=\"article-authors text-muted small mb-2\">Bahjat Mohjar Habash Al-tuama<\/div>\n<div><a href=\"https:\/\/www.basradab.edu.iq\/en\/wp-content\/uploads\/2025\/11\/10-\u062f.\u0628\u0647\u062c\u062a-\u0645\u0647\u062c\u0631-\u062d\u0628\u0634.pdf\">Search is Complete<\/a><\/div>\n<\/div>\n<\/td>\n<\/tr>\n<tr>\n<td style=\"width: 100%;\">\n<div class=\"col-md-1 text-center text-muted\">\n<div class=\"col-md-1 text-center text-muted\"><a class=\"text-dark article-toggle\" style=\"font-size: 22px; font-weight: bold; font-family: inherit;\" data-article-id=\"135134\">Gazaer Al Basrah 1546-1633 A study of economic and social changes<\/a><\/div>\n<div class=\"col-md-11\">\n<div class=\"article-authors text-muted small mb-2\">Mushtaq Idan Obaid<\/div>\n<div><a href=\"https:\/\/www.basradab.edu.iq\/en\/wp-content\/uploads\/2025\/11\/11-\u0645\u0634\u062a\u0627\u0642-\u0639\u064a\u062f\u0627\u0646.pdf\">Search is Complete<\/a><\/div>\n<\/div>\n<\/div>\n<\/td>\n<\/tr>\n<tr>\n<td style=\"width: 100%;\">\n<div class=\"col-md-1 text-center text-muted\">\n<div class=\"col-md-1 text-center text-muted\"><a class=\"text-dark article-toggle\" style=\"font-size: 22px; font-weight: bold; font-family: inherit;\" data-article-id=\"135152\">vement Martyrdom in Andalusia: Double Aggression on the Spirit and Islamic Sacred Symbols (Study in the Phenomenon of Reviling the Prophet Muhammad Peace Be upon Him)<\/a><\/div>\n<div class=\"col-md-11\">\n<div class=\"article-authors text-muted small mb-2\">Qassem Abdel Saadoun<\/div>\n<div><a href=\"https:\/\/www.basradab.edu.iq\/en\/wp-content\/uploads\/2025\/11\/12-\u0642\u0627\u0633\u0645-\u0633\u0639\u062f\u0648\u0646-\u0639\u0628\u062f.pdf\">Search is Complete<\/a><\/div>\n<\/div>\n<\/div>\n<\/td>\n<\/tr>\n<\/tbody>\n<\/table>\n","protected":false},"excerpt":{"rendered":"<p>The moral identity in the Legacy of Al-Jahiz: A Study in Cultural Criticism with special Reference to the Representation of Women. Ahmed Hayawi Alsaad, Mariam Abdulnabby Search is Complete The Early Philip Larkin and the Apocalyptic Spectacle Jinan Al-Hajaj Search is Complete Phonemic Substitution in Autistic Children Engeris Ta\u2019uma, Tahreer Kumail Jaza\u2019 Search is Complete &hellip;<\/p>\n","protected":false},"author":1,"featured_media":0,"parent":0,"menu_order":0,"comment_status":"closed","ping_status":"closed","template":"","meta":{"footnotes":""},"class_list":["post-3055","page","type-page","status-publish","hentry"],"_links":{"self":[{"href":"https:\/\/www.basradab.edu.iq\/en\/index.php?rest_route=\/wp\/v2\/pages\/3055"}],"collection":[{"href":"https:\/\/www.basradab.edu.iq\/en\/index.php?rest_route=\/wp\/v2\/pages"}],"about":[{"href":"https:\/\/www.basradab.edu.iq\/en\/index.php?rest_route=\/wp\/v2\/types\/page"}],"author":[{"embeddable":true,"href":"https:\/\/www.basradab.edu.iq\/en\/index.php?rest_route=\/wp\/v2\/users\/1"}],"replies":[{"embeddable":true,"href":"https:\/\/www.basradab.edu.iq\/en\/index.php?rest_route=%2Fwp%2Fv2%2Fcomments&post=3055"}],"version-history":[{"count":1,"href":"https:\/\/www.basradab.edu.iq\/en\/index.php?rest_route=\/wp\/v2\/pages\/3055\/revisions"}],"predecessor-version":[{"id":3068,"href":"https:\/\/www.basradab.edu.iq\/en\/index.php?rest_route=\/wp\/v2\/pages\/3055\/revisions\/3068"}],"wp:attachment":[{"href":"https:\/\/www.basradab.edu.iq\/en\/index.php?rest_route=%2Fwp%2Fv2%2Fmedia&parent=3055"}],"curies":[{"name":"wp","href":"https:\/\/api.w.org\/{rel}","templated":true}]}}